{"id":2,"date":"2016-09-13T09:19:08","date_gmt":"2016-09-13T07:19:08","guid":{"rendered":"http:\/\/ur-pils-gang.de\/pb\/?page_id=2"},"modified":"2016-09-14T13:45:58","modified_gmt":"2016-09-14T11:45:58","slug":"beispiel-seite","status":"publish","type":"page","link":"https:\/\/ur-pils-gang.de\/pb\/beispiel-seite\/","title":{"rendered":"\u00dcber die Ur-Pils-Gang"},"content":{"rendered":"<p>Die Ur-Pils-Gang, einstmals als Sammelbecken f\u00fcr Spieler diverser Onlinespiele gegr\u00fcndet konnte schon in fr\u00fchen Tagen ihre Feinde das f\u00fcrchten lehren.<\/p>\n<p>So schafft es die Gang schon im ersten Jahr ihrer Gr\u00fcndung mit rekrutierten Spielern aus dem ganzen Bundesgebiet und mit S\u00f6ldnern aus \u00d6sterreich den ersten Platz im ber\u00fchmt, ber\u00fcchtigten Steinzeitspiel zu besteigen.<\/p>\n<p>Auch in anderen Onlinespielen (CIA, Supremacy 1914, Pardus) oder auch in Counterstrike, Day of Defeat oder Team Fortress konnten einzelne Mitglieder oder ganze Verb\u00e4nde der Gang erfolge erzielen.<\/p>\n<p>Dann kam eine ruhige Phase &#8230;.<\/p>\n<p>&#8230;. doch Jahre sp\u00e4ter fanden sich wieder tapfere Recken und Reckinnen (oder auch Amazonen) zusammen um sich in heldenhaften Gefechten die Paintballs, ab und zu auch nur Softairkugeln oder Nerfpfeile um die Ohren zu schie\u00dfen.<\/p>\n<p>The Story continues &#8230;<\/p>\n","protected":false},"excerpt":{"rendered":"<p>Die Ur-Pils-Gang, einstmals als Sammelbecken f\u00fcr Spieler diverser Onlinespiele gegr\u00fcndet konnte schon in fr\u00fchen Tagen ihre Feinde das f\u00fcrchten lehren. So schafft es die Gang schon im ersten Jahr ihrer Gr\u00fcndung mit rekrutierten Spielern aus dem ganzen Bundesgebiet und mit S\u00f6ldnern aus \u00d6sterreich den ersten Platz im ber\u00fchmt, ber\u00fcchtigten Steinzeitspiel zu besteigen. Auch in anderen &hellip; <a href=\"https:\/\/ur-pils-gang.de\/pb\/beispiel-seite\/\" class=\"more-link\"><span class=\"screen-reader-text\">\u00dcber die Ur-Pils-Gang<\/span> weiterlesen <span class=\"meta-nav\">&rarr;<\/span><\/a><\/p>\n","protected":false},"author":1,"featured_media":5,"parent":0,"menu_order":0,"comment_status":"closed","ping_status":"open","template":"","meta":{"footnotes":""},"class_list":["post-2","page","type-page","status-publish","has-post-thumbnail","hentry"],"_links":{"self":[{"href":"https:\/\/ur-pils-gang.de\/pb\/wp-json\/wp\/v2\/pages\/2","targetHints":{"allow":["GET"]}}],"collection":[{"href":"https:\/\/ur-pils-gang.de\/pb\/wp-json\/wp\/v2\/pages"}],"about":[{"href":"https:\/\/ur-pils-gang.de\/pb\/wp-json\/wp\/v2\/types\/page"}],"author":[{"embeddable":true,"href":"https:\/\/ur-pils-gang.de\/pb\/wp-json\/wp\/v2\/users\/1"}],"replies":[{"embeddable":true,"href":"https:\/\/ur-pils-gang.de\/pb\/wp-json\/wp\/v2\/comments?post=2"}],"version-history":[{"count":3,"href":"https:\/\/ur-pils-gang.de\/pb\/wp-json\/wp\/v2\/pages\/2\/revisions"}],"predecessor-version":[{"id":16,"href":"https:\/\/ur-pils-gang.de\/pb\/wp-json\/wp\/v2\/pages\/2\/revisions\/16"}],"wp:featuredmedia":[{"embeddable":true,"href":"https:\/\/ur-pils-gang.de\/pb\/wp-json\/wp\/v2\/media\/5"}],"wp:attachment":[{"href":"https:\/\/ur-pils-gang.de\/pb\/wp-json\/wp\/v2\/media?parent=2"}],"curies":[{"name":"wp","href":"https:\/\/api.w.org\/{rel}","templated":true}]}}