{"id":39,"date":"2018-05-12T16:09:33","date_gmt":"2018-05-12T14:09:33","guid":{"rendered":"http:\/\/ur-pils-gang.de\/pb\/?page_id=39"},"modified":"2019-03-06T22:39:29","modified_gmt":"2019-03-06T21:39:29","slug":"impressum","status":"publish","type":"page","link":"https:\/\/ur-pils-gang.de\/pb\/impressum\/","title":{"rendered":"Impressum"},"content":{"rendered":"<div id=\"c7\" class=\"csc-default\">\n<div class=\"csc-header csc-header-n1\">\n<h2 class=\"csc-firstHeader\">Impressum<\/h2>\n<p>Ur Pils Gang<\/p>\n<\/div>\n<p class=\"bodytext\">Bernd Schuhmacher<br \/>\nDonaustra\u00dfe 4<br \/>\n66424 Homburg<\/p>\n<p class=\"bodytext\">E-Mail: <a class=\"mail\" title=\"\ufffdffnet ein Fenster zum Versenden einer E-Mail\" href=\"mailto:spaetzle@ur-pils-gang.de\">spaetzle@ur-pils-gang.de<\/a><br \/>\nInternet: <a title=\"\ufffdffnet einen internen Link im aktuellen Fenster\" href=\"http:\/\/www.ur-pils-gang.de\">www.ur-pils-gang.de<\/a><span class=\"internal-link\"><br \/>\n<\/span><\/p>\n<p class=\"bodytext\">Inhaltlich Verantwortlicher gem\u00e4\u00df \u00a7 55 Abs. 2 RStV: Bernd Schuhmacher (Anschrift wie oben)<\/p>\n<p class=\"bodytext\">Haftungshinweis: Trotz sorgf\u00e4ltiger inhaltlicher Kontrolle \u00fcbernehmen wir keine Haftung f\u00fcr die Inhalte externer Links. F\u00fcr den Inhalt der verlinkten Seiten sind ausschlie\u00dflich deren Betreiber verantwortlich.<\/p>\n<\/div>\n<div id=\"c860\" class=\"csc-default\">\n<div class=\"csc-header csc-header-n2\">\n<h2>Verlinkungen zu Bookmarksammlungen, Social Networks, usw.<\/h2>\n<\/div>\n<p class=\"bodytext\">Auf unserer Seite verwenden wir Schaltfl\u00e4chen die zu weiteren Seiten verlinken (z.B. Facbook, MisterWong, Twitter, usw.), meist so genannten Social Networks.<br \/>\nWenn Sie mit einer solchen Verkn\u00fcpfung eine Verbindung zu diesen Diensten herstellen, wird eine Verbindung zu den Servern anderer Betreiber hergestellt und dabei Inhalt durch Mitteilung an Ihren Browser auf deren Internetseite dargestellt. Hierdurch werden Daten an Server dieser Betreiber \u00fcbermittelt. Sind Sie hiebei dann als Benutzer dieser Seiten eingeloggt und Information \u00fcber ihr Surfverhalten k\u00f6nnen ihrem Konto zugeordnet werden. Bei der Nutzung der Plugin-Funktionen (z.B. Anklicken des \u201eGef\u00e4llt mir\u201c-Buttons, Abgabe eines Kommentars) werden auch diese Informationen Ihrem Konto zugeordnet, was Sie nur durch Ausloggen vor Nutzung des Plugins verhindern k\u00f6nnen.<br \/>\nN\u00e4here Informationen zur Erhebung und Nutzung der Daten durch den jeweiligen Betreiber, \u00fcber Ihre diesbez\u00fcglichen Rechte und M\u00f6glichkeiten zum Schutz Ihrer Privatsph\u00e4re finden Sie in den Datenschutzhinweisen der fremden Dienstleister.<\/p>\n<\/div>\n","protected":false},"excerpt":{"rendered":"<p>Impressum Ur Pils Gang Bernd Schuhmacher Donaustra\u00dfe 4 66424 Homburg E-Mail: spaetzle@ur-pils-gang.de Internet: www.ur-pils-gang.de Inhaltlich Verantwortlicher gem\u00e4\u00df \u00a7 55 Abs. 2 RStV: Bernd Schuhmacher (Anschrift wie oben) Haftungshinweis: Trotz sorgf\u00e4ltiger inhaltlicher Kontrolle \u00fcbernehmen wir keine Haftung f\u00fcr die Inhalte externer Links. F\u00fcr den Inhalt der verlinkten Seiten sind ausschlie\u00dflich deren Betreiber verantwortlich. Verlinkungen zu Bookmarksammlungen, &hellip; <a href=\"https:\/\/ur-pils-gang.de\/pb\/impressum\/\" class=\"more-link\"><span class=\"screen-reader-text\">Impressum<\/span> weiterlesen <span class=\"meta-nav\">&rarr;<\/span><\/a><\/p>\n","protected":false},"author":1,"featured_media":0,"parent":0,"menu_order":2,"comment_status":"closed","ping_status":"closed","template":"","meta":{"footnotes":""},"class_list":["post-39","page","type-page","status-publish","hentry"],"_links":{"self":[{"href":"https:\/\/ur-pils-gang.de\/pb\/wp-json\/wp\/v2\/pages\/39","targetHints":{"allow":["GET"]}}],"collection":[{"href":"https:\/\/ur-pils-gang.de\/pb\/wp-json\/wp\/v2\/pages"}],"about":[{"href":"https:\/\/ur-pils-gang.de\/pb\/wp-json\/wp\/v2\/types\/page"}],"author":[{"embeddable":true,"href":"https:\/\/ur-pils-gang.de\/pb\/wp-json\/wp\/v2\/users\/1"}],"replies":[{"embeddable":true,"href":"https:\/\/ur-pils-gang.de\/pb\/wp-json\/wp\/v2\/comments?post=39"}],"version-history":[{"count":3,"href":"https:\/\/ur-pils-gang.de\/pb\/wp-json\/wp\/v2\/pages\/39\/revisions"}],"predecessor-version":[{"id":46,"href":"https:\/\/ur-pils-gang.de\/pb\/wp-json\/wp\/v2\/pages\/39\/revisions\/46"}],"wp:attachment":[{"href":"https:\/\/ur-pils-gang.de\/pb\/wp-json\/wp\/v2\/media?parent=39"}],"curies":[{"name":"wp","href":"https:\/\/api.w.org\/{rel}","templated":true}]}}